{"id":363,"date":"2017-01-24T09:35:14","date_gmt":"2017-01-24T09:35:14","guid":{"rendered":"http:\/\/freimaurerei.ch\/schweizerische-grossloge-alpina\/"},"modified":"2022-06-27T08:06:08","modified_gmt":"2022-06-27T06:06:08","slug":"gran-loggia-svizzera-alpina","status":"publish","type":"page","link":"https:\/\/freimaurerei.ch\/it\/","title":{"rendered":"Gran Loggia Svizzera Alpina"},"content":{"rendered":"<h1>Accoglienza del Gran Maestro<\/h1>\n<p>Caro Visitatore,<\/p>\n<p>qualunque sia la ragione che l\u2019abbia portata a visitare questo sito, le porgo un caloroso benvenuto al tour virtuale della Gran Loggia Svizzera ALPINA (GLSA).<\/p>\n<p>Cercando in Internet con la parola \u201cMassoneria\u201d avr\u00e0 notato che in Svizzera, come altrove nel mondo, esistono diverse organizzazioni massoniche o para-massoniche.<\/p>\n<p>La Gran Loggia Svizzera ALPINA \u00e8 presente in tutte le regioni linguistiche della Svizzera, costituisce la principale Obbedienza Massonica del nostro paese e riunisce pi\u00f9 di 3.500 membri, ripartiti in tutto il paese. La GLSA \u00e8 stata fondata nel 1844 ed \u00e8 un\u2019associazione disciplinata dalle disposizioni del Codice Civile Svizzero.<\/p>\n<p>Sotto la categoria \u201cMassoneria\u201d di questo sito trova ci\u00f2 che distingue la GLSA dalle altre organizzazioni massoniche e gli elementi che la rendono particolare.<\/p>\n<p>La Massoneria si propone come un luogo di socializzazione ed un circolo di riflessione. Essa permette, attraverso un viaggio iniziatico che si ispira alle tradizioni e alle regole degli antichi costruttori di cattedrali, di sviluppare uno spirito libero, legato ai valori di fraternit\u00e0, di democrazia e di progresso. Promuovendo la tolleranza, la Massoneria afferma in modo intangibile la libert\u00e0 di coscienza, nonch\u00e9 l\u2019uguaglianza dei diritti.<\/p>\n<p>La Massoneria non vuole escludere nessuno a causa delle sue credenze o le sue opinioni politiche o sociali. Essa si rivolge a tutti i cittadini curiosi e desiderosi di operare un lavoro su s\u00e9 stessi, al fine di sviluppare un senso di responsabilit\u00e0 ed uno spirito di fraternit\u00e0 e tolleranza capace di rendere la societ\u00e0 che ci circonda pi\u00f9 umana e giusta.<\/p>\n<p>In un mondo dominato dall\u2019interesse personale e frammentato a causa della globalizzazione, il viaggio personale e di gruppo fraterno proposti dalla Massoneria stanno diventando sempre pi\u00f9 attuali e pertinenti, in quanto portano ad un atteggiamento pi\u00f9 tollerante, impregnato di umanit\u00e0 e universalit\u00e0.<\/p>\n<p>Le auguro, caro Visitatore, di passare un momento gratificante navigando nel nostro sito web nella sua parte accessibile al pubblico. Se questo suscita il suo interesse e se desidera approfondire la sua ricerca sulla Massoneria, saremo lieti di fornirle ogni chiarimento che dovesse desiderare.<\/p>\n<p>Tutto quello che dovr\u00e0 fare \u00e8 prendere contattato, tramite i link proposti dal nostro sito, con una delle nostre Logge presenti nella sua regione.<\/p>\n<p>Ringraziandola del suo interesse verso il nostro Ordine, voglia gradire, caro Visitatore, l\u2019espressione della mia gentile considerazione.<\/p>\n<p>Carlo U. Nicola<br \/>\nGran Maestro<\/p>\n<p>&nbsp;<\/p>\n<p><a href=\"https:\/\/freimaurerei.ch\/wp-content\/uploads\/2022\/06\/GMportrait.png\"><img loading=\"lazy\" decoding=\"async\" class=\"alignnone  wp-image-3429\" src=\"https:\/\/freimaurerei.ch\/wp-content\/uploads\/2022\/06\/GMportrait-300x300.png\" alt=\"\" width=\"250\" height=\"250\" srcset=\"https:\/\/freimaurerei.ch\/wp-content\/uploads\/2022\/06\/GMportrait-300x300.png 300w, https:\/\/freimaurerei.ch\/wp-content\/uploads\/2022\/06\/GMportrait-150x150.png 150w, https:\/\/freimaurerei.ch\/wp-content\/uploads\/2022\/06\/GMportrait-50x50.png 50w, https:\/\/freimaurerei.ch\/wp-content\/uploads\/2022\/06\/GMportrait.png 622w\" sizes=\"auto, (max-width: 250px) 100vw, 250px\" \/><\/a><\/p>\n","protected":false},"excerpt":{"rendered":"<p>Accoglienza del Gran Maestro Caro Visitatore, qualunque sia la ragione che l\u2019abbia portata a visitare questo sito, le porgo un [&hellip;]<\/p>\n","protected":false},"author":12,"featured_media":0,"parent":0,"menu_order":0,"comment_status":"closed","ping_status":"closed","template":"","meta":{"_uf_show_specific_survey":0,"_uf_disable_surveys":false,"footnotes":""},"class_list":["post-363","page","type-page","status-publish","hentry"],"aioseo_notices":[],"_links":{"self":[{"href":"https:\/\/freimaurerei.ch\/it\/wp-json\/wp\/v2\/pages\/363","targetHints":{"allow":["GET"]}}],"collection":[{"href":"https:\/\/freimaurerei.ch\/it\/wp-json\/wp\/v2\/pages"}],"about":[{"href":"https:\/\/freimaurerei.ch\/it\/wp-json\/wp\/v2\/types\/page"}],"author":[{"embeddable":true,"href":"https:\/\/freimaurerei.ch\/it\/wp-json\/wp\/v2\/users\/12"}],"replies":[{"embeddable":true,"href":"https:\/\/freimaurerei.ch\/it\/wp-json\/wp\/v2\/comments?post=363"}],"version-history":[{"count":12,"href":"https:\/\/freimaurerei.ch\/it\/wp-json\/wp\/v2\/pages\/363\/revisions"}],"predecessor-version":[{"id":3433,"href":"https:\/\/freimaurerei.ch\/it\/wp-json\/wp\/v2\/pages\/363\/revisions\/3433"}],"wp:attachment":[{"href":"https:\/\/freimaurerei.ch\/it\/wp-json\/wp\/v2\/media?parent=363"}],"curies":[{"name":"wp","href":"https:\/\/api.w.org\/{rel}","templated":true}]}}