{"id":545,"date":"2017-01-25T07:53:26","date_gmt":"2017-01-25T07:53:26","guid":{"rendered":"http:\/\/freimaurerei.ch\/impressum\/"},"modified":"2021-02-08T15:02:10","modified_gmt":"2021-02-08T14:02:10","slug":"impressum","status":"publish","type":"page","link":"https:\/\/freimaurerei.ch\/fr\/impressum\/","title":{"rendered":"Impressum"},"content":{"rendered":"<table border=\"0\" width=\"100%\" cellspacing=\"0\" cellpadding=\"3\">\n<tbody>\n<tr>\n<td><strong>Tirage<\/strong><\/td>\n<td colspan=\"3\">3&rsquo;700 (certificat REMP)<\/td>\n<\/tr>\n<tr>\n<td><strong>Publication<\/strong><\/td>\n<td colspan=\"3\">6 num\u00e9ros par an<\/td>\n<\/tr>\n<tr>\n<td><strong>Composition<\/strong><\/td>\n<td colspan=\"3\">48 pages par num\u00e9ro, trilingue<\/td>\n<\/tr>\n<tr>\n<td><strong>\u00c9diteur<\/strong><\/td>\n<td colspan=\"3\">Grande Loge Suisse Alpina<\/td>\n<\/tr>\n<tr>\n<td><strong>R\u00e9daction<\/strong><\/td>\n<td colspan=\"3\"><a href=\"mailto:info@magazine-alpina.ch\">info@magazine-alpina.ch<\/a><\/td>\n<\/tr>\n<tr>\n<td colspan=\"4\" align=\"left\" valign=\"top\"><strong>Insertions publicitaires<\/strong><\/p>\n<p>Consulter la <a href=\"https:\/\/freimaurerei.ch\/wp-content\/uploads\/2021\/03\/media2021.pdf\" target=\"_blank\" rel=\"noopener\">fiche m\u00e9dia<\/a> (format et tarif des publicit\u00e9s)<\/td>\n<\/tr>\n<tr>\n<td align=\"left\" valign=\"top\">Suisse al\u00e9manique et italienne<\/td>\n<td colspan=\"3\" align=\"left\" valign=\"top\"><strong>CEBECO GmbH<\/strong><br \/>\nFax 044 \/ 709 19 25<br \/>\n<a href=\"mailto:cebeco@bluewin.ch\">cebeco@bluewin.ch<\/a><\/td>\n<\/tr>\n<tr>\n<td align=\"left\" valign=\"top\"><strong>Souscription des abonnements<\/strong><\/td>\n<td colspan=\"3\" align=\"left\" valign=\"top\"><strong>GLSA &#8211; Alpina<\/strong><br \/>\nChancellerie<br \/>\nJupiterstrasse 40<br \/>\n3015 Bern<br \/>\nTel. 031 705 00 60<br \/>\nFax 031 705 00 69<br \/>\n<a href=\"mailto:chancellerie@magazine-alpina.ch\">chancellerie@magazine-alpina.ch<\/a><\/td>\n<\/tr>\n<tr>\n<td colspan=\"4\" align=\"left\" valign=\"top\"><strong>Prix de l&rsquo;abonnement<\/strong><\/td>\n<\/tr>\n<tr>\n<td align=\"left\" valign=\"top\">Members des Loges<\/td>\n<td align=\"left\" valign=\"top\">r\u00e9sidant en Suisse<\/td>\n<td align=\"left\" valign=\"top\">CHF<\/td>\n<td align=\"left\" valign=\"top\">60.&#8211;\/an<\/td>\n<\/tr>\n<tr>\n<td align=\"left\" valign=\"top\"><\/td>\n<td align=\"left\" valign=\"top\">r\u00e9sidant \u00e0 l&rsquo;\u00e9tranger<\/td>\n<td align=\"left\" valign=\"top\">CHF<\/td>\n<td align=\"left\" valign=\"top\">75.&#8211;\/an<\/td>\n<\/tr>\n<tr>\n<td align=\"left\" valign=\"top\"><\/td>\n<td align=\"left\" valign=\"top\">l&rsquo;exemplaire<\/td>\n<td align=\"left\" valign=\"top\">CHF<\/td>\n<td align=\"left\" valign=\"top\">10.&#8211;<\/td>\n<\/tr>\n<tr>\n<td align=\"left\" valign=\"top\">Non membres<\/td>\n<td align=\"left\" valign=\"top\">r\u00e9sidant en Suisse<\/td>\n<td align=\"left\" valign=\"top\">CHF<\/td>\n<td align=\"left\" valign=\"top\">85.&#8211;\/an<\/td>\n<\/tr>\n<tr>\n<td align=\"left\" valign=\"top\"><\/td>\n<td align=\"left\" valign=\"top\">r\u00e9sidant \u00e0 l&rsquo;\u00e9tranger<\/td>\n<td align=\"left\" valign=\"top\">CHF<\/td>\n<td align=\"left\" valign=\"top\">95.&#8211;\/an<\/td>\n<\/tr>\n<tr>\n<td align=\"left\" valign=\"top\"><\/td>\n<td align=\"left\" valign=\"top\">l&rsquo;exemplaire<\/td>\n<td align=\"left\" valign=\"top\">CHF<\/td>\n<td align=\"left\" valign=\"top\">10.&#8211;<\/td>\n<\/tr>\n<tr>\n<td colspan=\"4\" align=\"left\" valign=\"top\"><\/td>\n<\/tr>\n<\/tbody>\n<\/table>\n<p>&nbsp;<\/p>\n","protected":false},"excerpt":{"rendered":"<p>Tirage 3&rsquo;700 (certificat REMP) Publication 6 num\u00e9ros par an Composition 48 pages par num\u00e9ro, trilingue \u00c9diteur Grande Loge Suisse Alpina [&hellip;]<\/p>\n","protected":false},"author":12,"featured_media":0,"parent":0,"menu_order":0,"comment_status":"closed","ping_status":"closed","template":"","meta":{"_uf_show_specific_survey":0,"_uf_disable_surveys":false,"footnotes":""},"class_list":["post-545","page","type-page","status-publish","hentry"],"aioseo_notices":[],"_links":{"self":[{"href":"https:\/\/freimaurerei.ch\/fr\/wp-json\/wp\/v2\/pages\/545","targetHints":{"allow":["GET"]}}],"collection":[{"href":"https:\/\/freimaurerei.ch\/fr\/wp-json\/wp\/v2\/pages"}],"about":[{"href":"https:\/\/freimaurerei.ch\/fr\/wp-json\/wp\/v2\/types\/page"}],"author":[{"embeddable":true,"href":"https:\/\/freimaurerei.ch\/fr\/wp-json\/wp\/v2\/users\/12"}],"replies":[{"embeddable":true,"href":"https:\/\/freimaurerei.ch\/fr\/wp-json\/wp\/v2\/comments?post=545"}],"version-history":[{"count":11,"href":"https:\/\/freimaurerei.ch\/fr\/wp-json\/wp\/v2\/pages\/545\/revisions"}],"predecessor-version":[{"id":2992,"href":"https:\/\/freimaurerei.ch\/fr\/wp-json\/wp\/v2\/pages\/545\/revisions\/2992"}],"wp:attachment":[{"href":"https:\/\/freimaurerei.ch\/fr\/wp-json\/wp\/v2\/media?parent=545"}],"curies":[{"name":"wp","href":"https:\/\/api.w.org\/{rel}","templated":true}]}}