{"id":351,"date":"2017-01-22T09:51:29","date_gmt":"2017-01-22T09:51:29","guid":{"rendered":"http:\/\/freimaurerei.ch\/andere-grosslogen\/"},"modified":"2020-05-06T16:02:19","modified_gmt":"2020-05-06T14:02:19","slug":"other-grand-lodges","status":"publish","type":"page","link":"https:\/\/freimaurerei.ch\/en\/other-grand-lodges\/","title":{"rendered":"other Grand Lodges"},"content":{"rendered":"<table border=\"0\" width=\"100%\" cellspacing=\"0\" cellpadding=\"0\">\n<tbody>\n<tr>\n<td align=\"center\" width=\"191\"><img decoding=\"async\" src=\"\/wp-content\/uploads\/2017\/09\/GL-England.png\" height=\"125\" border=\"0\" \/><\/td>\n<td width=\"517\"><a href=\"http:\/\/www.grand-lodge.org\/\" target=\"_out\" rel=\"noopener noreferrer\">United Grand Lodge of England<\/a><\/td>\n<\/tr>\n<tr>\n<td align=\"center\" width=\"191\"><img decoding=\"async\" src=\"\/wp-content\/uploads\/2017\/09\/GL-Oesterreich.png\" alt=\"\" height=\"125\" \/><\/td>\n<td width=\"517\"><a href=\"https:\/\/freimaurerei.at\/\" target=\"_blank\" rel=\"noopener noreferrer\">Grossloge von \u00d6sterreich<\/a><\/td>\n<\/tr>\n<tr>\n<td align=\"center\" width=\"191\"><img decoding=\"async\" src=\"\/wp-content\/uploads\/2017\/09\/GL-Deutschland.png\" height=\"125\" border=\"0\" \/><\/td>\n<td width=\"517\"><a href=\"http:\/\/freimaurer.org\/\" target=\"_out\" rel=\"noopener noreferrer\">Vereinigte Grosslogen von Deutschland<\/a><\/td>\n<\/tr>\n<tr>\n<td align=\"center\" width=\"191\"><img decoding=\"async\" src=\"\/wp-content\/uploads\/2017\/09\/GL-Belgien.png\" height=\"125\" border=\"0\" \/><\/td>\n<td width=\"517\">Grande Loge R\u00e9guli\u00e8re de Belgique<\/td>\n<\/tr>\n<tr>\n<td align=\"center\" width=\"191\">\n<p align=\"center\"><img decoding=\"async\" src=\"\/wp-content\/uploads\/2017\/09\/GL-Portugal-1.png\" height=\"125\" \/><\/p>\n<\/td>\n<td width=\"517\"><a href=\"https:\/\/www.gllp.pt\" target=\"_out\" rel=\"noopener noreferrer\">Grande Loja de Portugal \/ GLRP<\/a><\/td>\n<\/tr>\n<tr>\n<td align=\"center\" width=\"191\"><img decoding=\"async\" src=\"\/wp-content\/uploads\/2017\/09\/GL-Spanien.png\" height=\"125\" border=\"0\" \/><\/td>\n<td width=\"517\"><a href=\"http:\/\/www.gle.org\/\" target=\"_blank\" rel=\"noopener noreferrer\">Gran Logia de Espa\u00f1a<\/a><\/td>\n<\/tr>\n<tr>\n<td align=\"center\" width=\"191\"><img decoding=\"async\" src=\"\/wp-content\/uploads\/2017\/09\/GL-Italien.png\" height=\"125\" border=\"0\" \/><\/td>\n<td width=\"517\"><a href=\"http:\/\/www.grandeoriente.it\/\" target=\"_out\" rel=\"noopener noreferrer\">Grande Oriente d&#8217;Italia<\/a><\/td>\n<\/tr>\n<tr>\n<td align=\"center\" width=\"191\"><img decoding=\"async\" src=\"\/wp-content\/uploads\/2017\/09\/GL-Finnland.png\" height=\"125\" border=\"0\" \/><\/td>\n<td width=\"517\"><a href=\"http:\/\/www.vapaamuurarit.fi\/\" target=\"_blank\" rel=\"noopener noreferrer\">Suomen V. ja O.M. Suurloosi<\/a><br \/>\n(Grossloge F. &amp; A.M. von Finnland)<\/td>\n<\/tr>\n<\/tbody>\n<\/table>\n","protected":false},"excerpt":{"rendered":"<p>United Grand Lodge of England Grossloge von \u00d6sterreich Vereinigte Grosslogen von Deutschland Grande Loge R\u00e9guli\u00e8re de Belgique Grande Loja de [&hellip;]<\/p>\n","protected":false},"author":12,"featured_media":0,"parent":0,"menu_order":0,"comment_status":"closed","ping_status":"closed","template":"","meta":{"_uf_show_specific_survey":0,"_uf_disable_surveys":false,"footnotes":""},"class_list":["post-351","page","type-page","status-publish","hentry"],"aioseo_notices":[],"_links":{"self":[{"href":"https:\/\/freimaurerei.ch\/en\/wp-json\/wp\/v2\/pages\/351","targetHints":{"allow":["GET"]}}],"collection":[{"href":"https:\/\/freimaurerei.ch\/en\/wp-json\/wp\/v2\/pages"}],"about":[{"href":"https:\/\/freimaurerei.ch\/en\/wp-json\/wp\/v2\/types\/page"}],"author":[{"embeddable":true,"href":"https:\/\/freimaurerei.ch\/en\/wp-json\/wp\/v2\/users\/12"}],"replies":[{"embeddable":true,"href":"https:\/\/freimaurerei.ch\/en\/wp-json\/wp\/v2\/comments?post=351"}],"version-history":[{"count":4,"href":"https:\/\/freimaurerei.ch\/en\/wp-json\/wp\/v2\/pages\/351\/revisions"}],"predecessor-version":[{"id":2907,"href":"https:\/\/freimaurerei.ch\/en\/wp-json\/wp\/v2\/pages\/351\/revisions\/2907"}],"wp:attachment":[{"href":"https:\/\/freimaurerei.ch\/en\/wp-json\/wp\/v2\/media?parent=351"}],"curies":[{"name":"wp","href":"https:\/\/api.w.org\/{rel}","templated":true}]}}